{"id":2701,"date":"2019-02-03T14:06:07","date_gmt":"2019-02-03T13:06:07","guid":{"rendered":"http:\/\/www.lukas-petereit.com\/?page_id=2701"},"modified":"2019-03-20T21:45:40","modified_gmt":"2019-03-20T20:45:40","slug":"impressum","status":"publish","type":"page","link":"https:\/\/www.lukas-petereit.com\/de\/impressum\/","title":{"rendered":"Impressum"},"content":{"rendered":"<p>[et_pb_section bb_built=&#8220;1&#8243;][et_pb_row][et_pb_column type=&#8220;4_4&#8243;][et_pb_text]<\/p>\n<h2>Imprint<\/h2>\n<p>Lukas Petereit | Arnoldstra\u00dfe 12-14 | 04299 Leipzig | Deutschland<\/p>\n<h2>Copyright<\/h2>\n<p id=\"tw-target-text\" class=\"tw-data-text tw-ta tw-text-small\" dir=\"ltr\" data-placeholder=\"\u00dcbersetzung\"><span lang=\"de\" tabindex=\"0\">Die auf diesen Webseiten bereitgestellten Inhalte und Werke sind Eigentum von Lukas Petereit. Die Vervielf\u00e4ltigung, Bearbeitung, Verbreitung oder jede Form der Vermarktung dieses Materials au\u00dferhalb des Urheberrechtsgesetzes bedarf der vorherigen schriftlichen Zustimmung des jeweiligen Autors oder Urhebers. Die Verwendung von Bildern oder anderen Materialien, die hierin enthalten sind, ganz oder teilweise f\u00fcr beliebige Zwecke, einschlie\u00dflich, aber nicht beschr\u00e4nkt auf Vervielf\u00e4ltigung, Speicherung, Manipulation, digital oder anderweitige Zwecke, ist ohne die schriftliche Genehmigung von Lukas Petereit ausdr\u00fccklich untersagt. Die hier gezeigten Bilder sind nicht kostenlos und f\u00fcr jede einzelne Verwendung ist eine Geb\u00fchr erforderlich. Dies schlie\u00dft die Verwendung dieser Bilder zur Verwendung in Webseiten ein. Eine solche Verwendung k\u00f6nnte mit dem Interesse unserer anderen Kunden, die eine Nutzungsgeb\u00fchr f\u00fcr einen bestimmten Zweck bezahlt haben, in Konflikt stehen. Gegen die illegale Nutzung durch den Fotografen und den Kunden k\u00f6nnten rechtliche Schritte eingeleitet werden. Bitte respektiere das Urheberrecht. Um sich \u00fcber die Verwendung eines dieser Bilder zu erkundigen, kontaktieren Sie mich bitte \u00fcber diese Website. <\/span><\/p>\n<p class=\"tw-data-text tw-ta tw-text-small\" dir=\"ltr\" data-placeholder=\"\u00dcbersetzung\"><span lang=\"de\" tabindex=\"0\">Diese Website benutzt Google Analytics, einen Webanalysedienst der Google Inc. (&#8222;Google&#8220;). Google Analytics verwendet &#8222;Cookies&#8220;, Textdateien, die auf Ihrem Computer gespeichert werden, um die Website zu analysieren, wie Besucher die Website nutzen. Die durch den Cookie erzeugten Informationen \u00fcber Ihre Benutzung dieser Website (einschlie\u00dflich Ihrer IP-Adresse) werden an einen Server von Google in den USA \u00fcbertragen und dort gespeichert. Google wird diese Informationen benutzen, um Ihre Nutzung der Website auszuwerten, um Reports \u00fcber die Websiteaktivit\u00e4ten f\u00fcr die Websitebetreiber zusammenzustellen und um weitere mit der Websitenutzung und der Internetnutzung verbundene Dienstleistungen zu erbringen. Auch wird Google diese Informationen gegebenenfalls an Dritte \u00fcbertragen, sofern dies gesetzlich vorgeschrieben ist oder soweit Dritte diese Daten im Auftrag von Google verarbeiten. Google wird in keinem Fall Ihre IP-Adresse mit anderen Daten von Google in Verbindung bringen. Sie k\u00f6nnen die Verwendung von Cookies durch eine entsprechende Einstellung Ihres Browsers ablehnen. Beachten Sie jedoch, dass Sie dadurch m\u00f6glicherweise nicht die volle Funktionalit\u00e4t dieser Website nutzen k\u00f6nnen. Durch die Nutzung dieser Website erkl\u00e4ren Sie sich mit der Verarbeitung der \u00fcber Sie erhobenen Daten durch Google in der zuvor beschriebenen Art und Weise und zu dem zuvor genannten Zweck einverstanden.<\/span><\/p>\n<p>&nbsp;<\/p>\n<p>[\/et_pb_text][\/et_pb_column][\/et_pb_row][\/et_pb_section]<\/p>\n","protected":false},"excerpt":{"rendered":"<p>[et_pb_section bb_built=&#8220;1&#8243;][et_pb_row][et_pb_column type=&#8220;4_4&#8243;][et_pb_text] Imprint Lukas Petereit | Arnoldstra\u00dfe 12-14 | 04299 Leipzig | Deutschland Copyright Die auf diesen Webseiten bereitgestellten Inhalte und Werke sind Eigentum von Lukas Petereit. Die Vervielf\u00e4ltigung, Bearbeitung, Verbreitung oder jede Form der Vermarktung dieses Materials au\u00dferhalb des Urheberrechtsgesetzes bedarf der vorherigen schriftlichen Zustimmung des jeweiligen Autors oder Urhebers. Die Verwendung von [&hellip;]<\/p>\n","protected":false},"author":1,"featured_media":0,"parent":0,"menu_order":0,"comment_status":"closed","ping_status":"closed","template":"","meta":{"_et_pb_use_builder":"","_et_pb_old_content":"","_et_gb_content_width":""},"yoast_head":"<!-- This site is optimized with the Yoast SEO plugin v15.6.2 - https:\/\/yoast.com\/wordpress\/plugins\/seo\/ -->\n<title>Impressum - Lukas Petereit<\/title>\n<meta name=\"robots\" content=\"index, follow, max-snippet:-1, max-image-preview:large, max-video-preview:-1\" \/>\n<link rel=\"canonical\" href=\"https:\/\/www.lukas-petereit.com\/de\/impressum\/\" \/>\n<meta property=\"og:locale\" content=\"de_DE\" \/>\n<meta property=\"og:type\" content=\"article\" \/>\n<meta property=\"og:title\" content=\"Impressum - Lukas Petereit\" \/>\n<meta property=\"og:description\" content=\"[et_pb_section bb_built=&#8220;1&#8243;][et_pb_row][et_pb_column type=&#8220;4_4&#8243;][et_pb_text] Imprint Lukas Petereit | Arnoldstra\u00dfe 12-14 | 04299 Leipzig | Deutschland Copyright Die auf diesen Webseiten bereitgestellten Inhalte und Werke sind Eigentum von Lukas Petereit. Die Vervielf\u00e4ltigung, Bearbeitung, Verbreitung oder jede Form der Vermarktung dieses Materials au\u00dferhalb des Urheberrechtsgesetzes bedarf der vorherigen schriftlichen Zustimmung des jeweiligen Autors oder Urhebers. Die Verwendung von [&hellip;]\" \/>\n<meta property=\"og:url\" content=\"https:\/\/www.lukas-petereit.com\/de\/impressum\/\" \/>\n<meta property=\"og:site_name\" content=\"Lukas Petereit\" \/>\n<meta property=\"article:publisher\" content=\"https:\/\/www.facebook.com\/LukasPetereitPhotography\/\" \/>\n<meta property=\"article:modified_time\" content=\"2019-03-20T20:45:40+00:00\" \/>\n<meta name=\"twitter:card\" content=\"summary\" \/>\n<meta name=\"twitter:label1\" content=\"Gesch\u00e4tzte Lesezeit\">\n\t<meta name=\"twitter:data1\" content=\"2\u00a0Minuten\">\n<script type=\"application\/ld+json\" class=\"yoast-schema-graph\">{\"@context\":\"https:\/\/schema.org\",\"@graph\":[{\"@type\":\"WebSite\",\"@id\":\"https:\/\/www.lukas-petereit.com\/#website\",\"url\":\"https:\/\/www.lukas-petereit.com\/\",\"name\":\"Lukas Petereit\",\"description\":\"Professional Travel Photographer\",\"potentialAction\":[{\"@type\":\"SearchAction\",\"target\":\"https:\/\/www.lukas-petereit.com\/?s={search_term_string}\",\"query-input\":\"required name=search_term_string\"}],\"inLanguage\":\"de\"},{\"@type\":\"WebPage\",\"@id\":\"https:\/\/www.lukas-petereit.com\/de\/impressum\/#webpage\",\"url\":\"https:\/\/www.lukas-petereit.com\/de\/impressum\/\",\"name\":\"Impressum - Lukas Petereit\",\"isPartOf\":{\"@id\":\"https:\/\/www.lukas-petereit.com\/#website\"},\"datePublished\":\"2019-02-03T13:06:07+00:00\",\"dateModified\":\"2019-03-20T20:45:40+00:00\",\"inLanguage\":\"de\",\"potentialAction\":[{\"@type\":\"ReadAction\",\"target\":[\"https:\/\/www.lukas-petereit.com\/de\/impressum\/\"]}]}]}<\/script>\n<!-- \/ Yoast SEO plugin. -->","_links":{"self":[{"href":"https:\/\/www.lukas-petereit.com\/de\/wp-json\/wp\/v2\/pages\/2701"}],"collection":[{"href":"https:\/\/www.lukas-petereit.com\/de\/wp-json\/wp\/v2\/pages"}],"about":[{"href":"https:\/\/www.lukas-petereit.com\/de\/wp-json\/wp\/v2\/types\/page"}],"author":[{"embeddable":true,"href":"https:\/\/www.lukas-petereit.com\/de\/wp-json\/wp\/v2\/users\/1"}],"replies":[{"embeddable":true,"href":"https:\/\/www.lukas-petereit.com\/de\/wp-json\/wp\/v2\/comments?post=2701"}],"version-history":[{"count":5,"href":"https:\/\/www.lukas-petereit.com\/de\/wp-json\/wp\/v2\/pages\/2701\/revisions"}],"predecessor-version":[{"id":3168,"href":"https:\/\/www.lukas-petereit.com\/de\/wp-json\/wp\/v2\/pages\/2701\/revisions\/3168"}],"wp:attachment":[{"href":"https:\/\/www.lukas-petereit.com\/de\/wp-json\/wp\/v2\/media?parent=2701"}],"curies":[{"name":"wp","href":"https:\/\/api.w.org\/{rel}","templated":true}]}}